{"id":5428,"date":"2024-06-27T13:21:28","date_gmt":"2024-06-27T11:21:28","guid":{"rendered":"https:\/\/germany.cukcuk.eu\/WP\/de\/?page_id=5428"},"modified":"2025-04-12T11:35:47","modified_gmt":"2025-04-12T09:35:47","slug":"datenschutz","status":"publish","type":"page","link":"https:\/\/cukcuk.eu\/vi\/datenschutz\/","title":{"rendered":"B\u1ea3o M\u1eadt Th\u00f4ng Tin"},"content":{"rendered":"<div data-elementor-type=\"wp-page\" data-elementor-id=\"5428\" class=\"elementor elementor-5428\" data-elementor-post-type=\"page\">\n\t\t\t\t<div class=\"elementor-element elementor-element-ff9cabe e-flex e-con-boxed e-con e-parent\" data-id=\"ff9cabe\" data-element_type=\"container\">\n\t\t\t\t\t<div class=\"e-con-inner\">\n\t\t<div class=\"elementor-element elementor-element-041ca71 e-flex e-con-boxed e-con e-child\" data-id=\"041ca71\" data-element_type=\"container\">\n\t\t\t\t\t<div class=\"e-con-inner\">\n\t\t<div class=\"elementor-element elementor-element-6e92072 e-flex e-con-boxed e-con e-child\" data-id=\"6e92072\" data-element_type=\"container\" data-settings=\"{&quot;background_background&quot;:&quot;classic&quot;}\">\n\t\t\t\t\t<div class=\"e-con-inner\">\n\t\t\t\t<div class=\"elementor-element elementor-element-5c47ce6 elementor-widget elementor-widget-heading\" data-id=\"5c47ce6\" data-element_type=\"widget\" data-widget_type=\"heading.default\">\n\t\t\t\t<div class=\"elementor-widget-container\">\n\t\t\t\t\t<h1 class=\"elementor-heading-title elementor-size-default\">B\u1ea3o M\u1eadt Th\u00f4ng Tin<\/h1>\t\t\t\t<\/div>\n\t\t\t\t<\/div>\n\t\t\t\t<div class=\"elementor-element elementor-element-0aadca7 elementor-widget elementor-widget-text-editor\" data-id=\"0aadca7\" data-element_type=\"widget\" data-widget_type=\"text-editor.default\">\n\t\t\t\t<div class=\"elementor-widget-container\">\n\t\t\t\t\t\t\t\t\t<div class=\"last-paragraph-no-margin\"><p data-sourcepos=\"3:1-3:14\"><strong>Einleitung<\/strong><\/p><p data-sourcepos=\"5:1-5:293\">CUKCUK nimmt den Schutz Ihrer pers\u00f6nlichen Daten ernst. Wir verarbeiten Ihre Daten ausschlie\u00dflich im Rahmen der gesetzlichen Bestimmungen (DSGVO, BDSG). Diese Datenschutzerkl\u00e4rung informiert Sie umfassend \u00fcber die Erhebung und Verwendung personenbezogener Daten auf unserer Webseite cukcuk.eu.<\/p><p data-sourcepos=\"7:1-7:32\"><strong>Welche Daten werden erhoben?<\/strong><\/p><ul data-sourcepos=\"9:1-18:0\"><li data-sourcepos=\"9:1-15:23\"><strong>Beim Besuch der Webseite:<\/strong><br \/><ul data-sourcepos=\"10:5-15:23\"><li data-sourcepos=\"10:5-10:16\">IP-Adresse<\/li><li data-sourcepos=\"11:5-11:26\">Browserinformationen<\/li><li data-sourcepos=\"12:5-12:20\">Betriebssystem<\/li><li data-sourcepos=\"13:5-13:66\">Referrer URL (die Webseite, von der Sie zu uns gelangt sind)<\/li><li data-sourcepos=\"14:5-14:26\">Uhrzeit des Zugriffs<\/li><li data-sourcepos=\"15:5-15:23\">Angesehene Seiten<\/li><\/ul><\/li><li data-sourcepos=\"16:1-18:0\"><strong>Kontaktaufnahme:<\/strong><br \/><ul data-sourcepos=\"17:5-18:0\"><li data-sourcepos=\"17:5-18:0\">Kontaktdaten, die Sie bei einer Anfrage angeben (z.B. Name, E-Mail-Adresse)<\/li><\/ul><\/li><\/ul><p data-sourcepos=\"19:1-19:24\"><strong>Verwendung der Daten<\/strong><\/p><p data-sourcepos=\"21:1-21:54\">Die erhobenen Daten verwenden wir f\u00fcr folgende Zwecke:<\/p><ul data-sourcepos=\"23:1-26:0\"><li data-sourcepos=\"23:1-23:106\"><strong>Gew\u00e4hrleistung eines reibungslosen Betriebs der Webseite<\/strong> (z.B. Fehlerbehebung, Sicherheitsma\u00dfnahmen)<\/li><li data-sourcepos=\"24:1-24:82\"><strong>Statistische Auswertung der Nutzung<\/strong> (z.B. zur Verbesserung unseres Angebots)<\/li><li data-sourcepos=\"25:1-26:0\"><strong>Beantwortung von Anfragen<\/strong><\/li><\/ul><p data-sourcepos=\"27:1-27:41\"><strong>Rechtsgrundlage der Datenverarbeitung<\/strong><\/p><p data-sourcepos=\"29:1-29:171\">Die Rechtsgrundlage f\u00fcr die Datenverarbeitung ist Ihre Einwilligung gem\u00e4\u00df Art. 6 Abs. 1 lit. a DSGVO, soweit wir Ihre Daten f\u00fcr die Beantwortung von Anfragen verarbeiten.<\/p><p data-sourcepos=\"31:1-31:222\">Im \u00dcbrigen erfolgt die Datenverarbeitung auf Basis unserer berechtigten Interessen gem\u00e4\u00df Art. 6 Abs. 1 lit. f DSGVO zur Gew\u00e4hrleistung eines funktionsf\u00e4higen und sicheren Webangebots sowie zur Verbesserung unserer Dienste.<\/p><p data-sourcepos=\"33:1-33:24\"><strong>Weitergabe von Daten<\/strong><\/p><p data-sourcepos=\"35:1-35:97\">Ihre Daten werden grunds\u00e4tzlich nicht an Dritte weitergegeben. Eine Weitergabe erfolgt nur, wenn:<\/p><ul data-sourcepos=\"37:1-40:0\"><li data-sourcepos=\"37:1-37:85\">Sie Ihre ausdr\u00fcckliche Einwilligung gem\u00e4\u00df Art. 6 Abs. 1 lit. a DSGVO erteilt haben.<\/li><li data-sourcepos=\"38:1-38:135\">dies zur Erf\u00fcllung eines Vertrags mit Ihnen erforderlich ist (z.B. an Dienstleister, die uns bei der Website-Betreuung unterst\u00fctzen).<\/li><li data-sourcepos=\"39:1-40:0\">wir rechtlich dazu verpflichtet sind (z.B. an Strafverfolgungsbeh\u00f6rden).<\/li><\/ul><p data-sourcepos=\"41:1-41:38\"><strong>Speicherung und L\u00f6schung von Daten<\/strong><\/p><p data-sourcepos=\"43:1-43:145\">Wir speichern Ihre Daten nur so lange, wie dies f\u00fcr die genannten Zwecke erforderlich ist. Anschlie\u00dfend werden Ihre Daten gel\u00f6scht oder gesperrt.<\/p><p data-sourcepos=\"45:1-45:15\"><strong>Ihre Rechte<\/strong><\/p><p data-sourcepos=\"47:1-47:69\">Sie haben folgende Rechte hinsichtlich Ihrer personenbezogenen Daten:<\/p><ul data-sourcepos=\"49:1-55:0\"><li data-sourcepos=\"49:1-49:39\">Auskunft auf Ihre gespeicherten Daten<\/li><li data-sourcepos=\"50:1-50:38\">Berichtigung unrichtiger <span class=\"citation-0\">Daten<\/span><\/li><li data-sourcepos=\"51:1-51:22\"><span class=\"citation-0\">L\u00f6schung Ihrer Daten<\/span><\/li><li data-sourcepos=\"52:1-52:44\"><span class=\"citation-0\">Einschr\u00e4nkung der Verarbeitung Ihrer Daten<\/span><\/li><li data-sourcepos=\"53:1-53:48\"><span class=\"citation-0\">Widerspruch gegen die Verarbeitung Ihrer Daten<\/span><\/li><li data-sourcepos=\"54:1-55:0\"><span class=\"citation-0 citation-end-0\">Daten\u00fcbertragbarkeit<\/span><\/li><\/ul><p data-sourcepos=\"56:1-56:112\">Wenn Sie eines dieser Rechte aus\u00fcben m\u00f6chten, wenden Sie sich bitte an die im Impressum genannte Kontaktadresse.<\/p><p data-sourcepos=\"58:1-58:14\"><strong>B\u1ea3o m\u1eadt<\/strong><\/p><p data-sourcepos=\"60:1-60:111\">Wir treffen zum Schutz Ihrer pers\u00f6nlichen Daten geeignete technische und organisatorische Sicherheitsma\u00dfnahmen.<\/p><p data-sourcepos=\"62:1-62:43\"><strong>Aktualisierung der Datenschutzerkl\u00e4rung<\/strong><\/p><p data-sourcepos=\"64:1-64:67\">Wir behalten uns vor, diese Datenschutzerkl\u00e4rung zu aktualisieren.<\/p><p data-sourcepos=\"66:1-66:11\">\u00a0<\/p><p>Li\u00ean H\u1ec7<\/p><p data-sourcepos=\"68:1-68:52\">Bei Fragen zum Datenschutz wenden Sie sich bitte an:<\/p><p data-sourcepos=\"70:1-70:28\">webmaster@360grad.it<\/p><div class=\"last-paragraph-no-margin\"><p><strong>Brand \/ Produktnamen<br \/><\/strong><\/p><p>CUKCUK<br \/>Das All In One Kassensystem L\u00f6sung f\u00fcr erfolgreiche Gastronomen<br \/>Web: www.cukcuk.eu<br \/>FB: www.fb.com\/cukcuk.eu<\/p><p><strong>Haftung Gesellschaft<\/strong><\/p><p>Angaben gem\u00e4\u00df \u00a7 5 TMG<br \/>360\u00b0IT<br \/>Halle 2 &#8211; R208<br \/>Herzberg Str. 128-139<br \/>10365 Berlin<\/p><p>Tel. +49 (0)30 &#8211; 89568366<br \/>Fax: +49 (0)30 &#8211; 89750211<br \/>M@il: info@360grad.it<br \/>Web: www.360grad.it<\/p><\/div><div class=\"vc_empty_space\">\u00a0<\/div><div class=\"last-paragraph-no-margin\"><p><strong>Zust\u00e4ndige Beh\u00f6rden<\/strong><\/p><p>Finanzamt Lichtenberg<br \/>Josef-Orlopp-Str. 62<br \/>10365 Berlin<\/p><p>Umsatzsteuer-Identifikationsnummer gem\u00e4\u00df \u00a7 27 a Umsatzsteuergesetz:<\/p><p>Steuer Nr. : 32\/414\/00699<br \/>USt-IdNr. : DE291229791<\/p><p><strong>Gesch\u00e4ftsf\u00fchrer \/ Inhaber\u00a0<\/strong><\/p><p>Anh Duc Le<\/p><p>Verantwortlich f\u00fcr den Inhalt nach \u00a7 55 Abs. 2 RStV:<br \/>Author: webmaster@360grad.it<\/p><\/div><\/div>\t\t\t\t\t\t\t\t<\/div>\n\t\t\t\t<\/div>\n\t\t\t\t\t<\/div>\n\t\t\t\t<\/div>\n\t\t\t\t\t<\/div>\n\t\t\t\t<\/div>\n\t\t\t\t\t<\/div>\n\t\t\t\t<\/div>\n\t\t\t\t<\/div>","protected":false},"excerpt":{"rendered":"<p>Datenschutz Einleitung CUKCUK nimmt den Schutz Ihrer pers\u00f6nlichen Daten ernst. Wir verarbeiten Ihre Daten ausschlie\u00dflich im Rahmen der gesetzlichen Bestimmungen (DSGVO, BDSG). Diese Datenschutzerkl\u00e4rung informiert Sie umfassend \u00fcber die Erhebung und Verwendung personenbezogener Daten auf unserer Webseite cukcuk.eu. Welche Daten werden erhoben? Beim Besuch der Webseite: IP-Adresse Browserinformationen Betriebssystem Referrer URL (die Webseite, von der [&hellip;]<\/p>","protected":false},"author":4,"featured_media":0,"parent":0,"menu_order":0,"comment_status":"closed","ping_status":"closed","template":"","meta":{"site-sidebar-layout":"no-sidebar","site-content-layout":"page-builder","ast-site-content-layout":"full-width-container","site-content-style":"default","site-sidebar-style":"default","ast-global-header-display":"","ast-banner-title-visibility":"","ast-main-header-display":"","ast-hfb-above-header-display":"","ast-hfb-below-header-display":"","ast-hfb-mobile-header-display":"","site-post-title":"disabled","ast-breadcrumbs-content":"","ast-featured-img":"disabled","footer-sml-layout":"","theme-transparent-header-meta":"","adv-header-id-meta":"","stick-header-meta":"","header-above-stick-meta":"","header-main-stick-meta":"","header-below-stick-meta":"","astra-migrate-meta-layouts":"set","ast-page-background-enabled":"default","ast-page-background-meta":{"desktop":{"background-color":"","background-image":"","background-repeat":"repeat","background-position":"center center","background-size":"auto","background-attachment":"scroll","background-type":"","background-media":"","overlay-type":"","overlay-color":"","overlay-gradient":""},"tablet":{"background-color":"","background-image":"","background-repeat":"repeat","background-position":"center center","background-size":"auto","background-attachment":"scroll","background-type":"","background-media":"","overlay-type":"","overlay-color":"","overlay-gradient":""},"mobile":{"background-color":"","background-image":"","background-repeat":"repeat","background-position":"center center","background-size":"auto","background-attachment":"scroll","background-type":"","background-media":"","overlay-type":"","overlay-color":"","overlay-gradient":""}},"ast-content-background-meta":{"desktop":{"background-color":"var(--ast-global-color-5)","background-image":"","background-repeat":"repeat","background-position":"center center","background-size":"auto","background-attachment":"scroll","background-type":"","background-media":"","overlay-type":"","overlay-color":"","overlay-gradient":""},"tablet":{"background-color":"var(--ast-global-color-5)","background-image":"","background-repeat":"repeat","background-position":"center center","background-size":"auto","background-attachment":"scroll","background-type":"","background-media":"","overlay-type":"","overlay-color":"","overlay-gradient":""},"mobile":{"background-color":"var(--ast-global-color-5)","background-image":"","background-repeat":"repeat","background-position":"center center","background-size":"auto","background-attachment":"scroll","background-type":"","background-media":"","overlay-type":"","overlay-color":"","overlay-gradient":""}},"footnotes":""},"class_list":["post-5428","page","type-page","status-publish","hentry"],"jetpack_sharing_enabled":true,"_links":{"self":[{"href":"https:\/\/cukcuk.eu\/vi\/wp-json\/wp\/v2\/pages\/5428","targetHints":{"allow":["GET"]}}],"collection":[{"href":"https:\/\/cukcuk.eu\/vi\/wp-json\/wp\/v2\/pages"}],"about":[{"href":"https:\/\/cukcuk.eu\/vi\/wp-json\/wp\/v2\/types\/page"}],"author":[{"embeddable":true,"href":"https:\/\/cukcuk.eu\/vi\/wp-json\/wp\/v2\/users\/4"}],"replies":[{"embeddable":true,"href":"https:\/\/cukcuk.eu\/vi\/wp-json\/wp\/v2\/comments?post=5428"}],"version-history":[{"count":10,"href":"https:\/\/cukcuk.eu\/vi\/wp-json\/wp\/v2\/pages\/5428\/revisions"}],"predecessor-version":[{"id":12400,"href":"https:\/\/cukcuk.eu\/vi\/wp-json\/wp\/v2\/pages\/5428\/revisions\/12400"}],"wp:attachment":[{"href":"https:\/\/cukcuk.eu\/vi\/wp-json\/wp\/v2\/media?parent=5428"}],"curies":[{"name":"wp","href":"https:\/\/api.w.org\/{rel}","templated":true}]}}